{"id":29,"date":"2025-09-14T09:50:23","date_gmt":"2025-09-14T09:50:23","guid":{"rendered":"http:\/\/une-sixieme-republique.fr\/?page_id=29"},"modified":"2025-11-02T14:40:03","modified_gmt":"2025-11-02T14:40:03","slug":"le-concept","status":"publish","type":"page","link":"https:\/\/une-sixieme-republique.fr\/?page_id=29","title":{"rendered":"Le concept"},"content":{"rendered":"\n<div class=\"wp-block-columns is-layout-flex wp-container-core-columns-is-layout-28f84493 wp-block-columns-is-layout-flex\"><\/div>\n\n\n\n<h2 class=\"wp-block-heading\">Comprendre le concept en 1 minute<\/h2>\n\n\n\n<p>Une 6\u00e8me r\u00e9publique avec de nouvelles institutions autour d&#8217;une assembl\u00e9e de citoyennes et de citoyens tir\u00e9s au sort :<\/p>\n\n\n\n<ul class=\"wp-block-list\">\n<li>on remplace le s\u00e9nat par une assembl\u00e9e citoyenne tir\u00e9e au sort (sur le mod\u00e8le de la CCC)<\/li>\n\n\n\n<li>on garde l&#8217;assembl\u00e9e nationale mais on am\u00e9liore sa repr\u00e9sentativit\u00e9 (r\u00e8gles des campagnes et du scrutin)<\/li>\n\n\n\n<li>si d\u00e9saccord entre les deux chambres, la chambre citoyenne a le dernier mot<\/li>\n\n\n\n<li>on garde une pr\u00e9sidence de la r\u00e9publique \u00e9lue au suffrage universel (mais pas uninominal)<\/li>\n\n\n\n<li>la pr\u00e9sidence doit pr\u00e9senter obligatoirement un programme au moment des \u00e9lections<\/li>\n\n\n\n<li>la pr\u00e9sidence nomme son gouvernement mais ce dernier est valid\u00e9 par l&#8217;assembl\u00e9e citoyenne<\/li>\n\n\n\n<li>diversit\u00e9 de genre obligatoire entre pr\u00e9sidence et premier ministre<\/li>\n\n\n\n<li>la pr\u00e9sidence est r\u00e9vocable par l&#8217;assembl\u00e9e citoyenne \u00e0 partir de mi-mandat, en cas de non respect du programme (avec audition pour que la pr\u00e9sidence se d\u00e9fende et s&#8217;explique)<\/li>\n\n\n\n<li>le gouvernement est r\u00e9vocable par l&#8217;assembl\u00e9e citoyenne (conditions \u00e0 d\u00e9finir)<\/li>\n<\/ul>\n\n\n\n<p>En r\u00e9sum\u00e9, l&#8217;id\u00e9e est de trouver le bon \u00e9quilibre entre s&#8217;appuyer sur les avantages du tirage au sort (repr\u00e9sentativit\u00e9, pas de conflit d&#8217;int\u00e9r\u00eat, responsabilisation citoyenne, etc) et compenser ses faiblesses par le maintient d&#8217;une &#8220;comp\u00e9tence&#8221; politique et d&#8217;une certaines agilit\u00e9 (mais on la surveille).<\/p>\n\n\n\n<figure class=\"wp-block-image size-large\"><img loading=\"lazy\" decoding=\"async\" width=\"1024\" height=\"625\" src=\"https:\/\/une-sixieme-republique.fr\/wp-content\/uploads\/2025\/10\/institution-dune-sixieme-republique-1024x625.png\" alt=\"\" class=\"wp-image-52\" srcset=\"https:\/\/une-sixieme-republique.fr\/wp-content\/uploads\/2025\/10\/institution-dune-sixieme-republique-1024x625.png 1024w, https:\/\/une-sixieme-republique.fr\/wp-content\/uploads\/2025\/10\/institution-dune-sixieme-republique-300x183.png 300w, https:\/\/une-sixieme-republique.fr\/wp-content\/uploads\/2025\/10\/institution-dune-sixieme-republique-768x469.png 768w, https:\/\/une-sixieme-republique.fr\/wp-content\/uploads\/2025\/10\/institution-dune-sixieme-republique.png 1380w\" sizes=\"auto, (max-width: 1024px) 100vw, 1024px\" \/><figcaption class=\"wp-element-caption\">Sch\u00e9ma des institutions d&#8217;une sixi\u00e8me r\u00e9publique<\/figcaption><\/figure>\n\n\n\n<h2 class=\"wp-block-heading\">Comprendre les d\u00e9tails<\/h2>\n\n\n\n<h4 class=\"wp-block-heading\">L\u2019Assembl\u00e9e Citoyenne<\/h4>\n\n\n\n<p>Le S\u00e9nat est supprim\u00e9, et une Assembl\u00e9e Citoyenne est cr\u00e9\u00e9e \u00e0 la place. Elle est compos\u00e9e de 240 citoyennes et citoyens tir\u00e9s au sort, avec des quotas de repr\u00e9sentativit\u00e9 (sexe, \u00e2ge, CSP, r\u00e9gion\u2026) <a href=\"https:\/\/www.conventioncitoyennepourleclimat.fr\/comment-sont-ils-selectionnes-2\/\">sur le mod\u00e8le de la Convention Citoyenne pour le Climat<\/a>. <br>L\u2019Assembl\u00e9e Citoyenne est renouvel\u00e9e par tiers. La dur\u00e9e du mandat des citoyens tir\u00e9s au sort est \u00e0 d\u00e9terminer (1 ou 2 ans).<br>Le r\u00f4le de l\u2019Assembl\u00e9e Citoyenne est d\u2019amender et de voter les lois propos\u00e9e par l\u2019Assembl\u00e9e Nationale.<br>En parall\u00e8le, l\u2019Assembl\u00e9e Citoyenne travaille pendant des dur\u00e9es longues (4 \u00e0 6 mois) sur des sujets complexes et transverses qui n\u00e9cessitent un ensemble de lois coh\u00e9rentes et ambitieuses (retraites, dette, transition \u00e9cologique, r\u00e9gulation de l\u2019IA, etc). Cet ensemble de loi doit \u00eatre amend\u00e9 et vot\u00e9 par l\u2019Assembl\u00e9e Nationale.<br>L\u2019Assembl\u00e9e Citoyenne peut elle-m\u00eame choisir ces sujets, ou ceux-ci peuvent \u00eatre propos\u00e9s par le gouvernement, par l\u2019Assembl\u00e9e Nationale, ou par les citoyens (via une plateforme de r\u00e9colte de signature).<br>En cas de d\u00e9saccord entre l\u2019Assembl\u00e9e Nationale et l\u2019Assembl\u00e9e Citoyenne, c\u2019est l\u2019Assembl\u00e9e Citoyenne qui a le dernier mot.<br>Enfin, l\u2019Assembl\u00e9e Citoyenne contr\u00f4le l\u2019action de la pr\u00e9sidence et du gouvernement (voir ci-desous).<\/p>\n\n\n\n<h4 class=\"wp-block-heading\">L\u2019Assembl\u00e9e Nationale<\/h4>\n\n\n\n<p>L\u2019Assembl\u00e9e Nationale reste relativement similaire \u00e0 celle de la 5<sup>\u00e8me<\/sup> r\u00e9publique&nbsp;: elle est \u00e9lue par le corps \u00e9lectoral, et a pour r\u00f4le l\u2019initiative des lois courantes.<br>Cependant, elle est \u00e9lue au <a href=\"https:\/\/fr.wikipedia.org\/wiki\/Scrutin_proportionnel_plurinominal\">scrutin proportionnel plurinominal<\/a> (utilis\u00e9 pour les Europ\u00e9ennes, ou pour les l\u00e9gislatives en Allemagne), et non pas au <a href=\"https:\/\/fr.wikipedia.org\/wiki\/Scrutin_uninominal_majoritaire_%C3%A0_deux_tours\">scrutin uninominal majoritaire \u00e0 deux tours<\/a> comme aujourd\u2019hui.<br>En cas de d\u00e9saccord entre l\u2019Assembl\u00e9e Nationale et l\u2019Assembl\u00e9e Citoyenne, c\u2019est l\u2019Assembl\u00e9e Citoyenne qui a le dernier mot.<\/p>\n\n\n\n<h4 class=\"wp-block-heading\">La pr\u00e9sidence<\/h4>\n\n\n\n<p>La pr\u00e9sidence est \u00e9lue au suffrage universel plurinominal, pour un mandat de 5 ans. Par rapport au syst\u00e8me actuel, cela signifie simplement qu\u2019au lieu de ne pouvoir voter pour que pour un(e) seul(e) candidat(e), il est possible de donner sa voix \u00e0 plusieurs candidats, sans limite de nombre. Le reste du processus de vote est exactement le m\u00eame qu\u2019aujourd\u2019hui. A la fin, la personne \u00e9lue est simplement celle qui a obtenu le plus de voix (et du coup, un seul tour suffit, pas besoin de 2<sup>nd<\/sup> tour&nbsp;!). Pour bien comprendre les implications de ce changement, voir <a href=\"https:\/\/www.youtube.com\/watch?v=zmCl5i_sEiM\">cette vid\u00e9o<\/a>.<br>Les candidat(e)s \u00e0 la pr\u00e9sidence ont l\u2019obligation de pr\u00e9senter un programme \u00e9crit lors de leur campagne (avec un certain nombre d\u2019\u00e9l\u00e9ments obligatoires \u00e0 d\u00e9finir).<br>La pr\u00e9sidence nomme son premier ministre, qui ne peut pas \u00eatre du m\u00eame genre (par exemple, si le pr\u00e9sident est un homme, le premier ministre ne peut pas \u00eatre un homme).<br>La pr\u00e9sidence est le chef de l\u2019Etat, et le repr\u00e9sentant de la France \u00e0 l\u2019international. Il ou elle partage le pouvoir ex\u00e9cutif avec le premier ministre.<br>La pr\u00e9sidence est le chef des arm\u00e9es, mais a l\u2019obligation de consulter le premier ministre pour l\u2019ensemble des d\u00e9cisions militaires, et l\u2019utilisation de l\u2019arme nucl\u00e9aire doit \u00eatre approuv\u00e9e conjointement par la pr\u00e9sidence et le premier ministre.<br>La pr\u00e9sidence peut dissoudre l\u2019Assembl\u00e9e Nationale dans les m\u00eames conditions qu\u2019aujourd\u2019hui.<br>A partir de mi-mandat, l\u2019Assembl\u00e9e Citoyenne peut demander la r\u00e9vocation de la pr\u00e9sidence, qui se fait en 4 \u00e9tapes&nbsp;: un d\u00e9bat \u00e0 l\u2019Assembl\u00e9e Citoyenne pour demander la r\u00e9vocation, un vote de d\u00e9clenchement de la proc\u00e9dure, puis une audition de la pr\u00e9sidence et de ses \u00e9quipes pour pr\u00e9senter sa d\u00e9fense, puis un vote de d\u00e9cision. Les motifs invocables pour une r\u00e9vocation sont les suivants&nbsp;: un manquement grave \u00e0 ses obligations de pr\u00e9sident, ou un \u00e9cart trop important et injustifi\u00e9 entre le programme pr\u00e9sent\u00e9 lors de la campagne, et les politiques appliqu\u00e9es une fois \u00e9lu.<\/p>\n\n\n\n<h4 class=\"wp-block-heading\">Le gouvernement<\/h4>\n\n\n\n<p>Le premier ministre est nomm\u00e9 par la pr\u00e9sidence.<br>Le premier ministre nomme son gouvernement, et le soumet au vote de l\u2019Assembl\u00e9e Citoyenne, qui peut l\u2019approuver ou non, en tout ou partie (certains ministres peuvent \u00eatre approuv\u00e9s et d\u2019autres non).<br>De la m\u00eame fa\u00e7on que la pr\u00e9sidence, le gouvernement peut \u00eatre r\u00e9voqu\u00e9 en tout ou partie par l\u2019Assembl\u00e9e Citoyenne.<\/p>\n\n\n\n<h2 class=\"wp-block-heading\">Pour aller plus loin <\/h2>\n\n\n\n<h4 class=\"wp-block-heading\">Quel est le probl\u00e8me avec le vote ?<\/h4>\n\n\n\n<p>Il est fondamental de r\u00e9aliser que le fait de voter pour \u00e9lire des repr\u00e9sentants, qui aujourd\u2019hui est synonyme de d\u00e9mocratie dans la t\u00eate de beaucoup de gens, ainsi que dans la plupart des m\u00e9dias, cr\u00e9e en r\u00e9alit\u00e9 des dynamiques tout \u00e0 fait contraires \u00e0 celles qu\u2019on pourrait attendre d\u2019une d\u00e9mocratie, s\u2019il n\u2019est pas accompagn\u00e9 des garde-fous appropri\u00e9s.<\/p>\n\n\n\n<p>En effet, le postulat derri\u00e8re l\u2019\u00e9lection de repr\u00e9sentants est le suivant&nbsp;: \u00ab&nbsp;<em>ensemble, nous allons d\u00e9cider qui est la meilleure personne pour exercer le pouvoir en notre nom, et repr\u00e9senter nos int\u00e9r\u00eats.<\/em>&nbsp;\u00bb<\/p>\n\n\n\n<p>Or, pour fonctionner correctement, ce postulat repose sur plusieurs hypoth\u00e8ses, qu\u2019il nous faut v\u00e9rifier&nbsp;:<\/p>\n\n\n\n<ol class=\"wp-block-list\">\n<li>Hypoth\u00e8se 1&nbsp;: nous sommes capables de conna\u00eetre les diff\u00e9rents candidat(e)s et d\u2019\u00e9valuer leur niveau de comp\u00e9tence pour exercer le pouvoir et repr\u00e9senter nos int\u00e9r\u00eats&nbsp;;<\/li>\n\n\n\n<li>Hypoth\u00e8se 2&nbsp;: une personne \u00e9lue devient repr\u00e9sentante du peuple (ou de ses administr\u00e9s) et tire sa l\u00e9gitimit\u00e9 pour prendre des d\u00e9cisions de cette repr\u00e9sentativit\u00e9. Elle prend donc ses d\u00e9cisions dans l\u2019int\u00e9r\u00eat de celles et ceux qu\u2019elle repr\u00e9sente&nbsp;;<\/li>\n\n\n\n<li>Hypoth\u00e8se 3&nbsp;: les candidat(e)s expriment leurs intentions via un programme politique, qui nous permet de choisir la personne qui repr\u00e9sentera au mieux nos int\u00e9r\u00eats. Une fois \u00e9lue, cette personne fera tout son possible pour appliquer le programme pour lequel elle a \u00e9t\u00e9 \u00e9lue.<\/li>\n<\/ol>\n\n\n\n<p>D\u00e9j\u00e0, la r\u00e9alit\u00e9 nous a prouv\u00e9 \u00e0 de nombreuses reprises que ces trois hypoth\u00e8ses \u00e9taient bien fragiles, mais essayons d\u2019identifier plus concr\u00e8tement pourquoi&nbsp;:<\/p>\n\n\n\n<p><strong>Hypoth\u00e8se 1<\/strong>&nbsp;: <em>nous sommes capables de conna\u00eetre les diff\u00e9rents candidat(e)s et d\u2019\u00e9valuer leur niveau de comp\u00e9tence pour exercer le pouvoir et repr\u00e9senter nos int\u00e9r\u00eats.<\/em><\/p>\n\n\n\n<p>Cette hypoth\u00e8se peut \u00eatre vraie dans certains contextes, lorsque les votants connaissent directement les candidat(e)s. Cela pourrait fonctionner \u00e0 la rigueur \u00e0 l\u2019\u00e9chelle d\u2019un petit village. Mais \u00e0 l\u2019\u00e9chelle nationale, il est impossible que les 50 millions de votants en France connaissent tous la personnalit\u00e9 et les comp\u00e9tences des candidat(e)s. En r\u00e9alit\u00e9, nous estimons leur capacit\u00e9 \u00e0 nous gouverner via l\u2019image que nous avons d\u2019eux, qui nous est transmise par les m\u00e9dias (en majorit\u00e9), ainsi que par leurs d\u00e9clarations personnelles (si on suit l\u2019actualit\u00e9), ou leurs d\u00e9cisions publiques (si on va chercher l\u2019information). La cons\u00e9quence directe de ce constat, c\u2019est que le vote r\u00e9compense beaucoup plus la capacit\u00e9 \u00e0 ma\u00eetriser sa propre image, et \u00e0 transmettre une image positive, que la capacit\u00e9 \u00e0 gouverner efficacement. Autrement dit, ce sont les personnes qui sont les plus \u00e9loquentes, charismatiques, mais aussi celles qui sont le plus capables d\u2019obtenir des fonds pour une campagne, ou d\u2019\u00eatre m\u00e9diatis\u00e9es positivement, qui ont le plus de chances d\u2019\u00eatre \u00e9lues. Dit encore autrement&nbsp;: pour \u00eatre \u00e9lu, il faut \u00eatre capable d\u2019avoir beaucoup d\u2019influence, et d\u2019obtenir beaucoup d\u2019argent. Et pour avoir beaucoup d\u2019influence, il faut soit \u00eatre tr\u00e8s tr\u00e8s populaire, soit avoir beaucoup d\u2019argent. Bref, le vote a une f\u00e2cheuse tendance \u00e0 r\u00e9compenser la capacit\u00e9 d\u2019influence plut\u00f4t que la comp\u00e9tence, et donc \u00e0 choisir des gens situ\u00e9s au c\u0153ur d\u2019int\u00e9r\u00eats financiers tr\u00e8s puissants, desquels ils seront redevables ensuite.<\/p>\n\n\n\n<p>Ajoutons \u00e0 cela la m\u00e9canique des deux tours lors des \u00e9lections nationales, qui fait entrer dans l\u2019\u00e9quation tout un tas de calculs politiques (vote \u00ab&nbsp;utile&nbsp;\u00bb, promotion d\u2019un extr\u00eame puis appel au \u00ab&nbsp;front r\u00e9publicain&nbsp;\u00bb) qui n\u2019ont rien \u00e0 voir avec la comp\u00e9tence ou la repr\u00e9sentativit\u00e9 des candidat(e)s, et qui fausse compl\u00e8tement la capacit\u00e9 du vote \u00e0 choisir la \u00ab&nbsp;meilleure&nbsp;\u00bb personne.<\/p>\n\n\n\n<p><strong>Hypoth\u00e8se 2<\/strong>&nbsp;: <em>une personne \u00e9lue devient repr\u00e9sentante du peuple (ou de ses administr\u00e9s) et tire sa l\u00e9gitimit\u00e9 pour prendre des d\u00e9cisions de cette repr\u00e9sentativit\u00e9. Elle prend donc ses d\u00e9cisions dans l\u2019int\u00e9r\u00eat de celles et ceux qu\u2019elle repr\u00e9sente.<\/em><\/p>\n\n\n\n<p>Le probl\u00e8me de cette hypoth\u00e8se c\u2019est qu\u2019en r\u00e9alit\u00e9, une personne \u00e9lue (quelle que soit sa personnalit\u00e9, ou son bord politique) est en perp\u00e9tuel conflit d\u2019int\u00e9r\u00eat entre d\u2019un c\u00f4t\u00e9 son mandat et son programme politique (c\u2019est-\u00e0-dire les missions pour lesquelles elle a \u00e9t\u00e9 \u00e9lue), et de l\u2019autre c\u00f4t\u00e9 :<\/p>\n\n\n\n<ul class=\"wp-block-list\">\n<li>son int\u00e9r\u00eat individuel (r\u00e9\u00e9lection, confort personnel, aide de ses proches, etc.)<\/li>\n\n\n\n<li>ses dettes morales (redevabilit\u00e9s \u00e0 celles et ceux qui lui ont permis d\u2019acc\u00e9der au pouvoir, parfois au prix de sacrifices ou de beaucoup d\u2019argent)<\/li>\n\n\n\n<li>son parti politique (promotion ou protection de l\u2019image du parti, soutien des autres membres, etc.)<\/li>\n<\/ul>\n\n\n\n<p>La cons\u00e9quence, c\u2019est qu\u2019il est illusoire d\u2019esp\u00e9rer qu\u2019une personne \u00e9lue (\u00e0 nouveau&nbsp;: quel que soit son bord politique) pourra r\u00e9ellement exercer son mandat tel qu\u2019on l\u2019attend&nbsp;: dans l\u2019int\u00e9r\u00eat de celles et ceux qu\u2019elle repr\u00e9sente, et de mani\u00e8re impartiale. Au contraire, il est quasi naturel qu\u2019une corruption s\u2019installe, et s\u2019entretienne puisqu\u2019une fois que l\u2019on a du pouvoir, il est beaucoup plus facile de le garder.<\/p>\n\n\n\n<p><strong>Hypoth\u00e8se 3<\/strong>&nbsp;: <em>les candidat(e)s expriment leurs intentions via un programme politique, qui nous permet de choisir la personne qui repr\u00e9sentera au mieux nos int\u00e9r\u00eats. Une fois \u00e9lue, cette personne fera tout son possible pour appliquer le programme pour lequel elle a \u00e9t\u00e9 \u00e9lue.<\/em><\/p>\n\n\n\n<p>On a souvent tendance \u00e0 dire, ou \u00e0 croire, que par le vote, le peuple contr\u00f4le ses repr\u00e9sentants. Pourtant, il est tr\u00e8s fr\u00e9quent que les programmes politiques exprim\u00e9s pendant les campagnes ne soient pas respect\u00e9s. Pourquoi&nbsp;?<\/p>\n\n\n\n<p>En r\u00e9alit\u00e9, tel qu\u2019il est appliqu\u00e9 en France, le vote est une carte blanche donn\u00e9 \u00e0 la personne \u00e9lue, pour exercer le pouvoir \u00e0 notre place, sans aucune possibilit\u00e9 de contr\u00f4le, et sans aucun compte \u00e0 rendre. Certains diront qu\u2019en cas de non-respect du programme, les votants choisiront quelqu\u2019un d\u2019autre \u00e0 la prochaine \u00e9ch\u00e9ance, et que cela repr\u00e9sente une \u00ab&nbsp;menace&nbsp;\u00bb suffisante pour garder le contr\u00f4le sur les \u00e9lus. Mais en fait, on voit bien que la r\u00e9alit\u00e9 est tout autre&nbsp;: le non-respect du programme est un param\u00e8tre tr\u00e8s faible dans la dynamique des campagnes, et repr\u00e9sente bien peu dans la d\u00e9cision de vote, face aux guerres que se livrent les partis et leurs militants, face aux calculs politiques, ou face \u00e0 l\u2019influence des m\u00e9dias. Pour que cette hypoth\u00e8se soit vraie, il faudrait par ailleurs qu\u2019il y ait syst\u00e9matiquement un(e) autre candidat(e) qui nous repr\u00e9sente mieux, et que nous pourrions choisir \u00e0 la place de la personne qui n\u2019a pas respect\u00e9 ses promesses. Ce n\u2019est \u00e9videmment pas le cas.<\/p>\n\n\n\n<p><\/p>\n\n\n\n<p><strong>Conclusion<\/strong> : nous voyons donc ici les limites d\u2019un syst\u00e8me d\u2019\u00e9lection de repr\u00e9sentants. L\u00e0 o\u00f9 le vote est cens\u00e9 nous permettre de choisir les meilleures personnes pour nous repr\u00e9senter, et d\u2019exprimer par elles notre volont\u00e9 politique, il nous pousse en r\u00e9alit\u00e9 \u00e0 choisir de mani\u00e8re instinctive des personnes qui seront m\u00e9caniquement pouss\u00e9es au conflit d\u2019int\u00e9r\u00eat et donc \u00e0 la corruption, sans aucun contr\u00f4le direct de la part des votants pour les remettre dans le droit chemin. Au mieux, nous pourrons nous exprimer par des manifestations, qui pourront tout \u00e0 fait \u00eatre ignor\u00e9es sans aucune cons\u00e9quence. Il est donc n\u00e9cessaire de compenser ces d\u00e9fauts fondamentaux du vote par une m\u00e9canique alternative de d\u00e9mocratie qui n&#8217;a pas ces d\u00e9fauts : le tirage au sort. <\/p>\n\n\n\n<h4 class=\"wp-block-heading\">Le tirage au sort : avantage et inconv\u00e9nients<\/h4>\n\n\n\n<p>A venir<\/p>\n","protected":false},"excerpt":{"rendered":"<p>Comprendre le concept en 1 minute Une 6\u00e8me r\u00e9publique avec de nouvelles institutions autour d&#8217;une assembl\u00e9e de citoyennes et de citoyens tir\u00e9s au sort : En r\u00e9sum\u00e9, l&#8217;id\u00e9e est de trouver le bon \u00e9quilibre entre s&#8217;appuyer sur les avantages du tirage au sort (repr\u00e9sentativit\u00e9, pas de conflit d&#8217;int\u00e9r\u00eat, responsabilisation citoyenne, etc) et compenser ses faiblesses [&hellip;]<\/p>\n","protected":false},"author":1,"featured_media":0,"parent":0,"menu_order":1,"comment_status":"closed","ping_status":"closed","template":"","meta":{"footnotes":""},"class_list":["post-29","page","type-page","status-publish","hentry"],"_links":{"self":[{"href":"https:\/\/une-sixieme-republique.fr\/index.php?rest_route=\/wp\/v2\/pages\/29","targetHints":{"allow":["GET"]}}],"collection":[{"href":"https:\/\/une-sixieme-republique.fr\/index.php?rest_route=\/wp\/v2\/pages"}],"about":[{"href":"https:\/\/une-sixieme-republique.fr\/index.php?rest_route=\/wp\/v2\/types\/page"}],"author":[{"embeddable":true,"href":"https:\/\/une-sixieme-republique.fr\/index.php?rest_route=\/wp\/v2\/users\/1"}],"replies":[{"embeddable":true,"href":"https:\/\/une-sixieme-republique.fr\/index.php?rest_route=%2Fwp%2Fv2%2Fcomments&post=29"}],"version-history":[{"count":15,"href":"https:\/\/une-sixieme-republique.fr\/index.php?rest_route=\/wp\/v2\/pages\/29\/revisions"}],"predecessor-version":[{"id":77,"href":"https:\/\/une-sixieme-republique.fr\/index.php?rest_route=\/wp\/v2\/pages\/29\/revisions\/77"}],"wp:attachment":[{"href":"https:\/\/une-sixieme-republique.fr\/index.php?rest_route=%2Fwp%2Fv2%2Fmedia&parent=29"}],"curies":[{"name":"wp","href":"https:\/\/api.w.org\/{rel}","templated":true}]}}