{"id":62,"date":"2025-10-26T15:04:04","date_gmt":"2025-10-26T15:04:04","guid":{"rendered":"https:\/\/une-sixieme-republique.fr\/?page_id=62"},"modified":"2025-11-02T15:16:49","modified_gmt":"2025-11-02T15:16:49","slug":"pourquoi-ce-projet","status":"publish","type":"page","link":"https:\/\/une-sixieme-republique.fr\/?page_id=62","title":{"rendered":"Le projet"},"content":{"rendered":"\n<div class=\"wp-block-columns is-layout-flex wp-container-core-columns-is-layout-28f84493 wp-block-columns-is-layout-flex\"><\/div>\n\n\n\n<h2 class=\"wp-block-heading\">Pourquoi ce projet ?<\/h2>\n\n\n\n<p><strong>La 5<sup>\u00e8me<\/sup> r\u00e9publique est \u00e0 bout de souffle<\/strong>, et de plus en plus de gens se posent la question de ses limites et de ses alternatives. De nombreuses personnes travaillent d\u00e9j\u00e0 sur le sujet, et expliquent assez bien les d\u00e9fauts de notre constitution actuelle, mais <strong>pourtant il reste tr\u00e8s difficile d\u2019envisager \u00e0 large \u00e9chelle une alternative<\/strong>, pourquoi&nbsp;?<\/p>\n\n\n\n<p>Pour plusieurs raisons&nbsp;:<\/p>\n\n\n\n<ul class=\"wp-block-list\">\n<li>La fa\u00e7on la plus d\u00e9mocratique de concevoir une nouvelle constitution est de mettre en place une assembl\u00e9e constituante, qui aura la charge de travailler sur ce projet. Pour cette raison, la plupart des gens qui souhaitent passer \u00e0 la 6<sup>\u00e8me<\/sup> r\u00e9publique s\u2019abstiennent de construire une proposition concr\u00e8te, puisque ce sera le travail de l\u2019assembl\u00e9e constituante.<\/li>\n\n\n\n<li>Il est en g\u00e9n\u00e9ral plus facile d\u2019identifier les d\u00e9fauts que de proposer des solutions, et m\u00eame si de nombreuses solutions ponctuelles sont connues, il est difficile de les articuler entre elles et de visualiser une coh\u00e9rence d\u2019ensemble.<\/li>\n\n\n\n<li>Refaire une constitution, c\u2019est repartir de z\u00e9ro&nbsp;: tout est possible, chacun(e) a ses id\u00e9es, et les r\u00e9flexions peuvent \u00eatre tr\u00e8s complexes, alors que le sujet est fondamental et doit \u00eatre accept\u00e9 par le plus grand nombre. Le risque, c\u2019est que plus on entre dans les d\u00e9tails, plus il est difficile de cr\u00e9er de l\u2019adh\u00e9sion, et plus on invente des solutions nouvelles, plus il est difficile de projeter concr\u00e8tement le r\u00e9sultat dans notre r\u00e9alit\u00e9.<\/li>\n<\/ul>\n\n\n\n<p><strong>Or, il est extr\u00eamement important de nous permettre collectivement de nous projeter vers une alternative viable,<\/strong> car sans cela, d\u00e9cider d\u2019abandonner nos institutions actuelles revient \u00e0 faire un grand saut dans l\u2019inconnu, et notre cerveau a une f\u00e2cheuse tendance \u00e0 consid\u00e9rer l\u2019inconnu comme inqui\u00e9tant, chaotique, et non d\u00e9sirable.<\/p>\n\n\n\n<p><strong>L\u2019objectif de ce projet est donc de renverser cette situation<\/strong> et de mettre en forme une proposition de 6<sup>\u00e8me<\/sup> r\u00e9publique suffisamment compl\u00e8te pour permette au maximum de gens de se projeter, mais suffisamment simple pour \u00e9viter de se perdre dans les d\u00e9tails et g\u00e9n\u00e9rer facilement de l\u2019adh\u00e9sion. <strong>L\u2019objectif est \u00e9galement p\u00e9dagogique<\/strong>\u00a0: montrer qu&#8217;une autre forme de d\u00e9mocratie est possible, tout en identifiant les m\u00e9caniques d\u00e9fectueuses du mod\u00e8le actuel et des solutions pour r\u00e9pondre.<\/p>\n\n\n\n<p>Pour r\u00e9pondre au mieux \u00e0 ces objectifs, le parti pris de ce projet est de rechercher deux \u00e9quilibres :<\/p>\n\n\n\n<ul class=\"wp-block-list\">\n<li>Le juste niveau de d\u00e9tails&nbsp;: \u00eatre suffisamment concret pour permettre de se projeter, sans pour autant chercher \u00e0 couvrir l\u2019int\u00e9gralit\u00e9 des param\u00e8tres, ce qui apporterait trop de complexit\u00e9 et risquerait de g\u00e9n\u00e9rer plus de d\u00e9saccords que d\u2019adh\u00e9sion.<\/li>\n\n\n\n<li>Le juste niveau de nouveaut\u00e9&nbsp;: changer juste ce qu\u2019il faut, et privil\u00e9gier les solutions les plus faciles \u00e0 mettre en place et \u00e0 visualiser, pour rester en territoire connu tout en agissant sur des points \u00e0 tr\u00e8s fort impact.<\/li>\n<\/ul>\n\n\n\n<p>En cons\u00e9quence, deux \u00e9l\u00e9ments sont \u00e0 garder en t\u00eate&nbsp;:<\/p>\n\n\n\n<ul class=\"wp-block-list\">\n<li>Cette proposition de 6<sup>\u00e8me<\/sup> r\u00e9publique n\u2019a pas vocation \u00e0 \u00eatre exhaustive, mais plut\u00f4t \u00e0 nous inspirer et \u00e0 nous montrer qu\u2019une alternative est possible, de fa\u00e7on \u00e0 faire progresser l\u2019id\u00e9e dans le d\u00e9bat public afin que l\u2019on puisse ensuite s\u2019en saisir collectivement.<\/li>\n\n\n\n<li>Le projet n\u2019a pas du tout la pr\u00e9tention d\u2019\u00eatre parfait, et l\u2019ensemble des \u00e9l\u00e9ments peut \u00eatre (et devra \u00eatre) modifi\u00e9 ou affin\u00e9, pour que le r\u00e9sultat corresponde \u00e0 ce que nous souhaitons construire ensemble. L\u2019objectif est plut\u00f4t de fournir une base commune enthousiasmante et un terrain de discussion, mais surtout pas d\u2019imposer une vision.<\/li>\n<\/ul>\n\n\n\n<p><\/p>\n","protected":false},"excerpt":{"rendered":"<p>Pourquoi ce projet ? La 5\u00e8me r\u00e9publique est \u00e0 bout de souffle, et de plus en plus de gens se posent la question de ses limites et de ses alternatives. De nombreuses personnes travaillent d\u00e9j\u00e0 sur le sujet, et expliquent assez bien les d\u00e9fauts de notre constitution actuelle, mais pourtant il reste tr\u00e8s difficile d\u2019envisager [&hellip;]<\/p>\n","protected":false},"author":1,"featured_media":0,"parent":0,"menu_order":0,"comment_status":"closed","ping_status":"closed","template":"","meta":{"footnotes":""},"class_list":["post-62","page","type-page","status-publish","hentry"],"_links":{"self":[{"href":"https:\/\/une-sixieme-republique.fr\/index.php?rest_route=\/wp\/v2\/pages\/62","targetHints":{"allow":["GET"]}}],"collection":[{"href":"https:\/\/une-sixieme-republique.fr\/index.php?rest_route=\/wp\/v2\/pages"}],"about":[{"href":"https:\/\/une-sixieme-republique.fr\/index.php?rest_route=\/wp\/v2\/types\/page"}],"author":[{"embeddable":true,"href":"https:\/\/une-sixieme-republique.fr\/index.php?rest_route=\/wp\/v2\/users\/1"}],"replies":[{"embeddable":true,"href":"https:\/\/une-sixieme-republique.fr\/index.php?rest_route=%2Fwp%2Fv2%2Fcomments&post=62"}],"version-history":[{"count":5,"href":"https:\/\/une-sixieme-republique.fr\/index.php?rest_route=\/wp\/v2\/pages\/62\/revisions"}],"predecessor-version":[{"id":80,"href":"https:\/\/une-sixieme-republique.fr\/index.php?rest_route=\/wp\/v2\/pages\/62\/revisions\/80"}],"wp:attachment":[{"href":"https:\/\/une-sixieme-republique.fr\/index.php?rest_route=%2Fwp%2Fv2%2Fmedia&parent=62"}],"curies":[{"name":"wp","href":"https:\/\/api.w.org\/{rel}","templated":true}]}}